{"id":245037,"date":"2020-06-05T20:00:53","date_gmt":"2020-06-05T20:00:53","guid":{"rendered":"https:\/\/gyorokszoda.hu\/?page_id=245037"},"modified":"2020-06-14T21:24:51","modified_gmt":"2020-06-14T21:24:51","slug":"impresszum","status":"publish","type":"page","link":"https:\/\/gyorokszoda.hu\/?page_id=245037","title":{"rendered":"Impresszum"},"content":{"rendered":"<div class=\"vizadagolo_box_top grid col-940\">\n<div class=\"vizadagolo_top_text\" style=\"max-width: 900px; margin: auto; width: 95%;\">\n<h1 style=\"text-align: left;\"><strong>Impresszum:<\/strong><\/h1>\n<p>C\u00e9gn\u00e9v:                Gy\u00f6r\u00f6k Kft.<br \/>\nC\u00edm:                   2314 Hal\u00e1sztelek, Hajnal u. 6.<br \/>\nTelefon: :             +36 24 532 350<br \/>\nE-mail:                info@gyorokkft.hu<br \/>\nInternet:              https:\/\/gyorokszoda.hu\/<br \/>\nA c\u00e9get bejegyz\u0151 hat\u00f3s\u00e1g: Budapest K\u00f6rny\u00e9ki T\u00f6rv\u00e9nysz\u00e9k C\u00e9gb\u00edr\u00f3s\u00e1ga<br \/>\nC\u00e9gjegyz\u00e9ksz\u00e1m:        13-09-082862<br \/>\nAd\u00f3sz\u00e1m:               11883531-2-13<br \/>\nKamara:                Budapesti Kereskedelmi \u00e9s Iparkamara<br \/>\nT\u00e1rhelyszolg\u00e1ltat\u00f3:    SZTJ Informatikai \u00e9s Oktat\u00e1si Szolg\u00e1ltat\u00f3 Kft. \/\/ info@sztj.hu<\/p>\n<p><strong>JOGI NYILATKOZAT<\/strong><br \/>\nA Gy\u00f6r\u00f6k Kft. a jelen weboldal tulajdonosa \u00e9s \u00fczemeltet\u0151je. A weboldal tartalma (cikkek, kapcsol\u00f3d\u00f3 k\u00e9pgal\u00e9ri\u00e1k, a cikkek illusztr\u00e1ci\u00f3i \u00e9s b\u00e1rmilyen m\u00e1s m\u00e9dia) teljes k\u00f6r\u0171 szerz\u0151i jogv\u00e9delem al\u00e1 esik. A weboldalon k\u00f6zz\u00e9tett \u00fczemeltet\u0151i tartalmak r\u00e9szben vagy teljes terjedelemben t\u00f6rt\u00e9n\u0151 m\u00e1sodk\u00f6zl\u00e9se, felhaszn\u00e1l\u00e1sa csak a jogtulajdonos \u00edr\u00e1sbeli enged\u00e9ly\u00e9vel lehets\u00e9ges.<\/p>\n<\/div>\n<\/div>\n","protected":false},"excerpt":{"rendered":"<p>Impresszum: C\u00e9gn\u00e9v: Gy\u00f6r\u00f6k Kft. C\u00edm: 2314 Hal\u00e1sztelek, Hajnal u. 6. Telefon: : +36 24 532 350 E-mail: info@gyorokkft.hu Internet: https:\/\/gyorokszoda.hu\/ A c\u00e9get bejegyz\u0151 hat\u00f3s\u00e1g: Budapest K\u00f6rny\u00e9ki T\u00f6rv\u00e9nysz\u00e9k C\u00e9gb\u00edr\u00f3s\u00e1ga C\u00e9gjegyz\u00e9ksz\u00e1m: 13-09-082862 Ad\u00f3sz\u00e1m: 11883531-2-13 Kamara: Budapesti Kereskedelmi \u00e9s Iparkamara T\u00e1rhelyszolg\u00e1ltat\u00f3: SZTJ Informatikai<span class=\"ellipsis\">&hellip;<\/span><\/p>\n<div class=\"read-more\"><a href=\"https:\/\/gyorokszoda.hu\/?page_id=245037\">Tov\u00e1bb \u203a<\/a><\/div>\n<p><!-- end of .read-more --><\/p>\n","protected":false},"author":1,"featured_media":0,"parent":0,"menu_order":0,"comment_status":"closed","ping_status":"closed","template":"full-width-page.php","meta":{"footnotes":""},"class_list":["post-245037","page","type-page","status-publish","hentry"],"aioseo_notices":[],"_links":{"self":[{"href":"https:\/\/gyorokszoda.hu\/index.php?rest_route=\/wp\/v2\/pages\/245037","targetHints":{"allow":["GET"]}}],"collection":[{"href":"https:\/\/gyorokszoda.hu\/index.php?rest_route=\/wp\/v2\/pages"}],"about":[{"href":"https:\/\/gyorokszoda.hu\/index.php?rest_route=\/wp\/v2\/types\/page"}],"author":[{"embeddable":true,"href":"https:\/\/gyorokszoda.hu\/index.php?rest_route=\/wp\/v2\/users\/1"}],"replies":[{"embeddable":true,"href":"https:\/\/gyorokszoda.hu\/index.php?rest_route=%2Fwp%2Fv2%2Fcomments&post=245037"}],"version-history":[{"count":8,"href":"https:\/\/gyorokszoda.hu\/index.php?rest_route=\/wp\/v2\/pages\/245037\/revisions"}],"predecessor-version":[{"id":245089,"href":"https:\/\/gyorokszoda.hu\/index.php?rest_route=\/wp\/v2\/pages\/245037\/revisions\/245089"}],"wp:attachment":[{"href":"https:\/\/gyorokszoda.hu\/index.php?rest_route=%2Fwp%2Fv2%2Fmedia&parent=245037"}],"curies":[{"name":"wp","href":"https:\/\/api.w.org\/{rel}","templated":true}]}}